	
{"id":1226,"date":"2025-06-26T20:29:16","date_gmt":"2025-06-26T17:29:16","guid":{"rendered":"https:\/\/istanbulledprofil.com\/lp-33\/"},"modified":"2026-04-17T17:39:58","modified_gmt":"2026-04-17T14:39:58","slug":"lp-33","status":"publish","type":"page","link":"https:\/\/istanbulledprofil.com\/en\/lp-33\/","title":{"rendered":"LP 33 Neon Led Profil"},"content":{"rendered":"  <div id=\"page-header-1902629075\" class=\"page-header-wrapper\">\n  <div class=\"page-title dark featured-title\">\n\n    \n    <div class=\"page-title-inner container align-center flex-row medium-flex-wrap\" >\n              <div class=\"title-wrapper is-xsmall flex-col text-left medium-text-center\">\n          <h1 class=\"entry-title mb-0\">\n            LP 33 Neon Led Profil          <\/h1>\n        <\/div>\n                    <div class=\"title-content flex-col flex-right text-right medium-text-center\">\n        <div class=\"title-breadcrumbs pb-half pt-half\"><\/div>      <\/div>\n    <\/div>\n\n       <\/div>\n    <\/div>\n  \n\n\t<section class=\"section\" id=\"section_1658832015\">\n\t\t<div class=\"section-bg fill\" >\n\t\t\t\t\t\t\t\t\t\n\t\t\t\n\n\t\t<\/div>\n\n\t\t\n\n\t\t<div class=\"section-content relative\">\n\t\t\t\n\t<div id=\"gap-1641416248\" class=\"gap-element clearfix\" style=\"display:block; height:auto;\">\n\t\t\n<style>\n#gap-1641416248 {\n  padding-top: 30px;\n}\n<\/style>\n\t<\/div>\n\t\n<div class=\"row row-small align-middle\"  id=\"row-117487866\">\n\n\t<div id=\"col-456423180\" class=\"col medium-7 small-12 large-7\"  >\n\t\t\t\t<div class=\"col-inner\"  >\n\t\t\t\n\t<div class=\"is-border\"\n\t\tstyle=\"border-color:rgb(209, 209, 209);border-width:2px 2px 2px 2px;\">\n\t<\/div>\n\t\t\t\n\n  \n    <div id=\"gallery-484147799\" class=\"slider slider-auto-height row-collapse slider-nav-simple\" data-flickity-options='{&quot;imagesLoaded&quot;: true, &quot;dragThreshold&quot; : 5, &quot;cellAlign&quot;: &quot;left&quot;,&quot;wrapAround&quot;: true,&quot;prevNextButtons&quot;: true,&quot;percentPosition&quot;: true,&quot;pageDots&quot;: false, &quot;rightToLeft&quot;: false, &quot;autoPlay&quot; : 3000}'>\n\n  <div class=\"gallery-col col\" >\n          <div class=\"col-inner\">\n            <a class=\"image-lightbox lightbox-gallery\" href=\"https:\/\/istanbulledprofil.com\/wp-content\/uploads\/2025\/09\/LP-33-Neon-Led-profil.jpg\" title=\"\">            <div class=\"box has-hover gallery-box box-default\">\n              <div class=\"box-image image-cover\" style=\"padding-top:75%;\">\n                <img loading=\"lazy\" decoding=\"async\" width=\"1600\" height=\"1200\" src=\"https:\/\/istanbulledprofil.com\/wp-content\/uploads\/2025\/09\/LP-33-Neon-Led-profil.jpg\" class=\"attachment-original size-original\" alt=\"\" ids=\"1344,1837,1836,1838\" style=\"default\" lightbox_image_size=\"original\" type=\"slider-full\" slider_nav_style=\"simple\" auto_slide=\"3000\" image_height=\"75%\" image_size=\"original\" srcset=\"https:\/\/istanbulledprofil.com\/wp-content\/uploads\/2025\/09\/LP-33-Neon-Led-profil.jpg 1600w, https:\/\/istanbulledprofil.com\/wp-content\/uploads\/2025\/09\/LP-33-Neon-Led-profil-300x225.jpg 300w, https:\/\/istanbulledprofil.com\/wp-content\/uploads\/2025\/09\/LP-33-Neon-Led-profil-1024x768.jpg 1024w, https:\/\/istanbulledprofil.com\/wp-content\/uploads\/2025\/09\/LP-33-Neon-Led-profil-768x576.jpg 768w, https:\/\/istanbulledprofil.com\/wp-content\/uploads\/2025\/09\/LP-33-Neon-Led-profil-1536x1152.jpg 1536w\" sizes=\"auto, (max-width: 1600px) 100vw, 1600px\" \/>                                                              <\/div>\n              <div class=\"box-text text-left\" >\n                 <p><\/p>\n              <\/div>\n            <\/div>\n            <\/a>          <\/div>\n         <\/div><div class=\"gallery-col col\" >\n          <div class=\"col-inner\">\n            <a class=\"image-lightbox lightbox-gallery\" href=\"https:\/\/istanbulledprofil.com\/wp-content\/uploads\/2026\/03\/neon-led-cizimleri-site-08-scaled.jpg\" title=\"\">            <div class=\"box has-hover gallery-box box-default\">\n              <div class=\"box-image image-cover\" style=\"padding-top:75%;\">\n                <img loading=\"lazy\" decoding=\"async\" width=\"2560\" height=\"2560\" src=\"https:\/\/istanbulledprofil.com\/wp-content\/uploads\/2026\/03\/neon-led-cizimleri-site-08-scaled.jpg\" class=\"attachment-original size-original\" alt=\"\" ids=\"1344,1837,1836,1838\" style=\"default\" lightbox_image_size=\"original\" type=\"slider-full\" slider_nav_style=\"simple\" auto_slide=\"3000\" image_height=\"75%\" image_size=\"original\" srcset=\"https:\/\/istanbulledprofil.com\/wp-content\/uploads\/2026\/03\/neon-led-cizimleri-site-08-scaled.jpg 2560w, https:\/\/istanbulledprofil.com\/wp-content\/uploads\/2026\/03\/neon-led-cizimleri-site-08-300x300.jpg 300w, https:\/\/istanbulledprofil.com\/wp-content\/uploads\/2026\/03\/neon-led-cizimleri-site-08-1024x1024.jpg 1024w, https:\/\/istanbulledprofil.com\/wp-content\/uploads\/2026\/03\/neon-led-cizimleri-site-08-150x150.jpg 150w, https:\/\/istanbulledprofil.com\/wp-content\/uploads\/2026\/03\/neon-led-cizimleri-site-08-768x768.jpg 768w, https:\/\/istanbulledprofil.com\/wp-content\/uploads\/2026\/03\/neon-led-cizimleri-site-08-1536x1536.jpg 1536w, https:\/\/istanbulledprofil.com\/wp-content\/uploads\/2026\/03\/neon-led-cizimleri-site-08-2048x2048.jpg 2048w\" sizes=\"auto, (max-width: 2560px) 100vw, 2560px\" \/>                                                              <\/div>\n              <div class=\"box-text text-left\" >\n                 <p><\/p>\n              <\/div>\n            <\/div>\n            <\/a>          <\/div>\n         <\/div><div class=\"gallery-col col\" >\n          <div class=\"col-inner\">\n            <a class=\"image-lightbox lightbox-gallery\" href=\"https:\/\/istanbulledprofil.com\/wp-content\/uploads\/2026\/03\/neon-led-cizimleri-site-07-scaled.jpg\" title=\"\">            <div class=\"box has-hover gallery-box box-default\">\n              <div class=\"box-image image-cover\" style=\"padding-top:75%;\">\n                <img loading=\"lazy\" decoding=\"async\" width=\"2560\" height=\"2560\" src=\"https:\/\/istanbulledprofil.com\/wp-content\/uploads\/2026\/03\/neon-led-cizimleri-site-07-scaled.jpg\" class=\"attachment-original size-original\" alt=\"\" ids=\"1344,1837,1836,1838\" style=\"default\" lightbox_image_size=\"original\" type=\"slider-full\" slider_nav_style=\"simple\" auto_slide=\"3000\" image_height=\"75%\" image_size=\"original\" srcset=\"https:\/\/istanbulledprofil.com\/wp-content\/uploads\/2026\/03\/neon-led-cizimleri-site-07-scaled.jpg 2560w, https:\/\/istanbulledprofil.com\/wp-content\/uploads\/2026\/03\/neon-led-cizimleri-site-07-300x300.jpg 300w, https:\/\/istanbulledprofil.com\/wp-content\/uploads\/2026\/03\/neon-led-cizimleri-site-07-1024x1024.jpg 1024w, https:\/\/istanbulledprofil.com\/wp-content\/uploads\/2026\/03\/neon-led-cizimleri-site-07-150x150.jpg 150w, https:\/\/istanbulledprofil.com\/wp-content\/uploads\/2026\/03\/neon-led-cizimleri-site-07-768x768.jpg 768w, https:\/\/istanbulledprofil.com\/wp-content\/uploads\/2026\/03\/neon-led-cizimleri-site-07-1536x1536.jpg 1536w, https:\/\/istanbulledprofil.com\/wp-content\/uploads\/2026\/03\/neon-led-cizimleri-site-07-2048x2048.jpg 2048w\" sizes=\"auto, (max-width: 2560px) 100vw, 2560px\" \/>                                                              <\/div>\n              <div class=\"box-text text-left\" >\n                 <p><\/p>\n              <\/div>\n            <\/div>\n            <\/a>          <\/div>\n         <\/div><div class=\"gallery-col col\" >\n          <div class=\"col-inner\">\n            <a class=\"image-lightbox lightbox-gallery\" href=\"https:\/\/istanbulledprofil.com\/wp-content\/uploads\/2026\/03\/neon-led-cizimleri-site-09-1-scaled.jpg\" title=\"\">            <div class=\"box has-hover gallery-box box-default\">\n              <div class=\"box-image image-cover\" style=\"padding-top:75%;\">\n                <img loading=\"lazy\" decoding=\"async\" width=\"2560\" height=\"2560\" src=\"https:\/\/istanbulledprofil.com\/wp-content\/uploads\/2026\/03\/neon-led-cizimleri-site-09-1-scaled.jpg\" class=\"attachment-original size-original\" alt=\"\" ids=\"1344,1837,1836,1838\" style=\"default\" lightbox_image_size=\"original\" type=\"slider-full\" slider_nav_style=\"simple\" auto_slide=\"3000\" image_height=\"75%\" image_size=\"original\" srcset=\"https:\/\/istanbulledprofil.com\/wp-content\/uploads\/2026\/03\/neon-led-cizimleri-site-09-1-scaled.jpg 2560w, https:\/\/istanbulledprofil.com\/wp-content\/uploads\/2026\/03\/neon-led-cizimleri-site-09-1-300x300.jpg 300w, https:\/\/istanbulledprofil.com\/wp-content\/uploads\/2026\/03\/neon-led-cizimleri-site-09-1-1024x1024.jpg 1024w, https:\/\/istanbulledprofil.com\/wp-content\/uploads\/2026\/03\/neon-led-cizimleri-site-09-1-150x150.jpg 150w, https:\/\/istanbulledprofil.com\/wp-content\/uploads\/2026\/03\/neon-led-cizimleri-site-09-1-768x768.jpg 768w, https:\/\/istanbulledprofil.com\/wp-content\/uploads\/2026\/03\/neon-led-cizimleri-site-09-1-1536x1536.jpg 1536w, https:\/\/istanbulledprofil.com\/wp-content\/uploads\/2026\/03\/neon-led-cizimleri-site-09-1-2048x2048.jpg 2048w\" sizes=\"auto, (max-width: 2560px) 100vw, 2560px\" \/>                                                              <\/div>\n              <div class=\"box-text text-left\" >\n                 <p><\/p>\n              <\/div>\n            <\/div>\n            <\/a>          <\/div>\n         <\/div><\/div>\n\t\t<\/div>\n\t\t\t\t\n<style>\n#col-456423180 > .col-inner {\n  padding: 5px 5px 5px 5px;\n}\n<\/style>\n\t<\/div>\n\n\t\n\n\t<div id=\"col-1387864289\" class=\"col medium-5 small-12 large-5\"  >\n\t\t\t\t<div class=\"col-inner\"  >\n\t\t\t\n\t\t\t\n<div class=\"container section-title-container\" ><h4 class=\"section-title section-title-normal\"><b aria-hidden=\"true\"><\/b><span class=\"section-title-main\" >\u00d6zellikler<\/span><b aria-hidden=\"true\"><\/b><\/h4><\/div>\n<table class=\"table table-bordered\">\n<tbody>\n<tr>\n<td>Y\u00dcZEY<\/td>\n<td>:\u00a0 Mat Eloksal Al\u00fcminyum<\/td>\n<\/tr>\n<tr>\n<td>UZUNLUK<\/td>\n<td>:\u00a0 6 Metre<\/td>\n<\/tr>\n<tr>\n<td>Y\u00dcKSEKL\u0130K<\/td>\n<td>:\u00a0 13,5 mm<\/td>\n<\/tr>\n<tr>\n<td>GEN\u0130\u015eL\u0130K<\/td>\n<td>\u00a0:\u00a0 8 mm<\/td>\n<\/tr>\n<tr>\n<td>YAN KAPAK<\/td>\n<td>:<\/td>\n<\/tr>\n<tr>\n<td>KULLANIM ALANLI<\/td>\n<td>:\u00a0 \u0130\u00e7 Mekan, D\u0131\u015f Mekan Ayd\u0131nlatma<\/td>\n<\/tr>\n<tr>\n<td>MONTAJ \u015eEKL\u0130<\/td>\n<td>:\u00a0 Neon Led<\/td>\n<\/tr>\n<\/tbody>\n<\/table>\n\t\t<\/div>\n\t\t\t\t\n<style>\n#col-1387864289 > .col-inner {\n  padding: 0px 0px 0px 25px;\n}\n<\/style>\n\t<\/div>\n\n\t\n<\/div>\n<div class=\"row row-small\"  id=\"row-340764439\">\n\n\t<div id=\"col-1074731319\" class=\"col medium-4 small-12 large-4\"  >\n\t\t\t\t<div class=\"col-inner\"  >\n\t\t\t\n\t<div class=\"is-border\"\n\t\tstyle=\"border-color:rgb(212, 212, 212);border-width:2px 2px 2px 2px;\">\n\t<\/div>\n\t\t\t\n\t<div class=\"img has-hover x md-x lg-x y md-y lg-y\" id=\"image_17308529\">\n\t\t<a class=\"image-lightbox lightbox-gallery\" title=\"\" href=\"https:\/\/istanbulledprofil.com\/wp-content\/uploads\/2026\/03\/neon-led-cizimleri-site-08-scaled.jpg\">\t\t\t\t\t\t<div class=\"img-inner image-cover dark\" style=\"padding-top:75%;\">\n\t\t\t<img loading=\"lazy\" decoding=\"async\" width=\"2560\" height=\"2560\" src=\"https:\/\/istanbulledprofil.com\/wp-content\/uploads\/2026\/03\/neon-led-cizimleri-site-08-scaled.jpg\" class=\"attachment-original size-original\" alt=\"\" srcset=\"https:\/\/istanbulledprofil.com\/wp-content\/uploads\/2026\/03\/neon-led-cizimleri-site-08-scaled.jpg 2560w, https:\/\/istanbulledprofil.com\/wp-content\/uploads\/2026\/03\/neon-led-cizimleri-site-08-300x300.jpg 300w, https:\/\/istanbulledprofil.com\/wp-content\/uploads\/2026\/03\/neon-led-cizimleri-site-08-1024x1024.jpg 1024w, https:\/\/istanbulledprofil.com\/wp-content\/uploads\/2026\/03\/neon-led-cizimleri-site-08-150x150.jpg 150w, https:\/\/istanbulledprofil.com\/wp-content\/uploads\/2026\/03\/neon-led-cizimleri-site-08-768x768.jpg 768w, https:\/\/istanbulledprofil.com\/wp-content\/uploads\/2026\/03\/neon-led-cizimleri-site-08-1536x1536.jpg 1536w, https:\/\/istanbulledprofil.com\/wp-content\/uploads\/2026\/03\/neon-led-cizimleri-site-08-2048x2048.jpg 2048w\" sizes=\"auto, (max-width: 2560px) 100vw, 2560px\" \/>\t\t\t\t\t\t\n\t\t\t\t\t<\/div>\n\t\t\t\t\t\t<\/a>\t\t\n<style>\n#image_17308529 {\n  width: 100%;\n}\n<\/style>\n\t<\/div>\n\t\n\t<div id=\"text-1628072538\" class=\"text\">\n\t\t\n<h4>PROF\u0130L \u00d6L\u00c7\u00dcS\u00dc<\/h4>\n\t\t\n<style>\n#text-1628072538 {\n  text-align: center;\n}\n<\/style>\n\t<\/div>\n\t\n\t\t<\/div>\n\t\t\t\t\n<style>\n#col-1074731319 > .col-inner {\n  padding: 10px 10px 20px 10px;\n}\n<\/style>\n\t<\/div>\n\n\t\n\n\t<div id=\"col-213913030\" class=\"col medium-4 small-12 large-4\"  >\n\t\t\t\t<div class=\"col-inner\"  >\n\t\t\t\n\t<div class=\"is-border\"\n\t\tstyle=\"border-color:rgb(212, 212, 212);border-width:2px 2px 2px 2px;\">\n\t<\/div>\n\t\t\t\n\t<div class=\"img has-hover x md-x lg-x y md-y lg-y\" id=\"image_877499343\">\n\t\t<a class=\"image-lightbox lightbox-gallery\" title=\"\" href=\"https:\/\/istanbulledprofil.com\/wp-content\/uploads\/2025\/01\/bos.png\">\t\t\t\t\t\t<div class=\"img-inner dark\" >\n\t\t\t<img loading=\"lazy\" decoding=\"async\" width=\"1600\" height=\"1200\" src=\"https:\/\/istanbulledprofil.com\/wp-content\/uploads\/2025\/01\/bos.png\" class=\"attachment-original size-original\" alt=\"\" srcset=\"https:\/\/istanbulledprofil.com\/wp-content\/uploads\/2025\/01\/bos.png 1600w, https:\/\/istanbulledprofil.com\/wp-content\/uploads\/2025\/01\/bos-300x225.png 300w, https:\/\/istanbulledprofil.com\/wp-content\/uploads\/2025\/01\/bos-1024x768.png 1024w, https:\/\/istanbulledprofil.com\/wp-content\/uploads\/2025\/01\/bos-768x576.png 768w, https:\/\/istanbulledprofil.com\/wp-content\/uploads\/2025\/01\/bos-1536x1152.png 1536w\" sizes=\"auto, (max-width: 1600px) 100vw, 1600px\" \/>\t\t\t\t\t\t\n\t\t\t\t\t<\/div>\n\t\t\t\t\t\t<\/a>\t\t\n<style>\n#image_877499343 {\n  width: 100%;\n}\n<\/style>\n\t<\/div>\n\t\n\t<div id=\"text-3410269866\" class=\"text\">\n\t\t\n<h4>MONTAJ APARATI<\/h4>\n\t\t\n<style>\n#text-3410269866 {\n  text-align: center;\n}\n<\/style>\n\t<\/div>\n\t\n\t\t<\/div>\n\t\t\t\t\n<style>\n#col-213913030 > .col-inner {\n  padding: 10px 10px 20px 10px;\n}\n<\/style>\n\t<\/div>\n\n\t\n\n\t<div id=\"col-860593842\" class=\"col medium-4 small-12 large-4\"  >\n\t\t\t\t<div class=\"col-inner\"  >\n\t\t\t\n\t<div class=\"is-border\"\n\t\tstyle=\"border-color:rgb(212, 212, 212);border-width:2px 2px 2px 2px;\">\n\t<\/div>\n\t\t\t\n\t<div class=\"img has-hover x md-x lg-x y md-y lg-y\" id=\"image_515161554\">\n\t\t<a class=\"image-lightbox lightbox-gallery\" title=\"\" href=\"https:\/\/istanbulledprofil.com\/wp-content\/uploads\/2025\/01\/bos.png\">\t\t\t\t\t\t<div class=\"img-inner dark\" >\n\t\t\t<img loading=\"lazy\" decoding=\"async\" width=\"1600\" height=\"1200\" src=\"https:\/\/istanbulledprofil.com\/wp-content\/uploads\/2025\/01\/bos.png\" class=\"attachment-original size-original\" alt=\"\" srcset=\"https:\/\/istanbulledprofil.com\/wp-content\/uploads\/2025\/01\/bos.png 1600w, https:\/\/istanbulledprofil.com\/wp-content\/uploads\/2025\/01\/bos-300x225.png 300w, https:\/\/istanbulledprofil.com\/wp-content\/uploads\/2025\/01\/bos-1024x768.png 1024w, https:\/\/istanbulledprofil.com\/wp-content\/uploads\/2025\/01\/bos-768x576.png 768w, https:\/\/istanbulledprofil.com\/wp-content\/uploads\/2025\/01\/bos-1536x1152.png 1536w\" sizes=\"auto, (max-width: 1600px) 100vw, 1600px\" \/>\t\t\t\t\t\t\n\t\t\t\t\t<\/div>\n\t\t\t\t\t\t<\/a>\t\t\n<style>\n#image_515161554 {\n  width: 100%;\n}\n<\/style>\n\t<\/div>\n\t\n\t<div id=\"text-2791434827\" class=\"text\">\n\t\t\n<h4>SONLAMA KAPA\u011eI<\/h4>\n\t\t\n<style>\n#text-2791434827 {\n  text-align: center;\n}\n<\/style>\n\t<\/div>\n\t\n\t\t<\/div>\n\t\t\t\t\n<style>\n#col-860593842 > .col-inner {\n  padding: 10px 10px 20px 10px;\n}\n<\/style>\n\t<\/div>\n\n\t\n<\/div>\n\t\t<\/div>\n\n\t\t\n<style>\n#section_1658832015 {\n  padding-top: 30px;\n  padding-bottom: 30px;\n}\n<\/style>\n\t<\/section>\n\t\n","protected":false},"excerpt":{"rendered":"","protected":false},"author":1,"featured_media":0,"parent":0,"menu_order":0,"comment_status":"closed","ping_status":"closed","template":"page-blank.php","meta":{"footnotes":""},"class_list":["post-1226","page","type-page","status-publish","hentry"],"yoast_head":"<!-- This site is optimized with the Yoast SEO plugin v27.5 - https:\/\/yoast.com\/product\/yoast-seo-wordpress\/ -->\n<title>LP 33 Neon Led Profil - Al\u00fcminyum Led Profiller - \u0130stanbul Led Profil<\/title>\n<meta name=\"robots\" content=\"index, follow, max-snippet:-1, max-image-preview:large, max-video-preview:-1\" \/>\n<link rel=\"canonical\" href=\"https:\/\/istanbulledprofil.com\/en\/lp-33\/\" \/>\n<meta property=\"og:locale\" content=\"en_US\" \/>\n<meta property=\"og:type\" content=\"article\" \/>\n<meta property=\"og:title\" content=\"LP 33 Neon Led Profil - Al\u00fcminyum Led Profiller - \u0130stanbul Led Profil\" \/>\n<meta property=\"og:url\" content=\"https:\/\/istanbulledprofil.com\/en\/lp-33\/\" \/>\n<meta property=\"og:site_name\" content=\"Al\u00fcminyum Led Profiller - \u0130stanbul Led Profil\" \/>\n<meta property=\"article:modified_time\" content=\"2026-04-17T14:39:58+00:00\" \/>\n<meta name=\"twitter:card\" content=\"summary_large_image\" \/>\n<meta name=\"twitter:label1\" content=\"Est. reading time\" \/>\n\t<meta name=\"twitter:data1\" content=\"1 minute\" \/>\n<script type=\"application\/ld+json\" class=\"yoast-schema-graph\">{\"@context\":\"https:\\\/\\\/schema.org\",\"@graph\":[{\"@type\":\"WebPage\",\"@id\":\"https:\\\/\\\/istanbulledprofil.com\\\/en\\\/lp-33\\\/\",\"url\":\"https:\\\/\\\/istanbulledprofil.com\\\/en\\\/lp-33\\\/\",\"name\":\"LP 33 Neon Led Profil - Al\u00fcminyum Led Profiller - \u0130stanbul Led Profil\",\"isPartOf\":{\"@id\":\"https:\\\/\\\/istanbulledprofil.com\\\/#website\"},\"datePublished\":\"2025-06-26T17:29:16+00:00\",\"dateModified\":\"2026-04-17T14:39:58+00:00\",\"breadcrumb\":{\"@id\":\"https:\\\/\\\/istanbulledprofil.com\\\/en\\\/lp-33\\\/#breadcrumb\"},\"inLanguage\":\"en-US\",\"potentialAction\":[{\"@type\":\"ReadAction\",\"target\":[\"https:\\\/\\\/istanbulledprofil.com\\\/en\\\/lp-33\\\/\"]}]},{\"@type\":\"BreadcrumbList\",\"@id\":\"https:\\\/\\\/istanbulledprofil.com\\\/en\\\/lp-33\\\/#breadcrumb\",\"itemListElement\":[{\"@type\":\"ListItem\",\"position\":1,\"name\":\"Anasayfa\",\"item\":\"https:\\\/\\\/istanbulledprofil.com\\\/en\\\/\"},{\"@type\":\"ListItem\",\"position\":2,\"name\":\"LP 33 Neon Led Profil\"}]},{\"@type\":\"WebSite\",\"@id\":\"https:\\\/\\\/istanbulledprofil.com\\\/#website\",\"url\":\"https:\\\/\\\/istanbulledprofil.com\\\/\",\"name\":\"Al\u00fcminyum Led Profiller - \u0130stanbul Led Profil\",\"description\":\"\",\"potentialAction\":[{\"@type\":\"SearchAction\",\"target\":{\"@type\":\"EntryPoint\",\"urlTemplate\":\"https:\\\/\\\/istanbulledprofil.com\\\/?s={search_term_string}\"},\"query-input\":{\"@type\":\"PropertyValueSpecification\",\"valueRequired\":true,\"valueName\":\"search_term_string\"}}],\"inLanguage\":\"en-US\"}]}<\/script>\n<!-- \/ Yoast SEO plugin. -->","yoast_head_json":{"title":"LP 33 Neon Led Profil - Al\u00fcminyum Led Profiller - \u0130stanbul Led Profil","robots":{"index":"index","follow":"follow","max-snippet":"max-snippet:-1","max-image-preview":"max-image-preview:large","max-video-preview":"max-video-preview:-1"},"canonical":"https:\/\/istanbulledprofil.com\/en\/lp-33\/","og_locale":"en_US","og_type":"article","og_title":"LP 33 Neon Led Profil - Al\u00fcminyum Led Profiller - \u0130stanbul Led Profil","og_url":"https:\/\/istanbulledprofil.com\/en\/lp-33\/","og_site_name":"Al\u00fcminyum Led Profiller - \u0130stanbul Led Profil","article_modified_time":"2026-04-17T14:39:58+00:00","twitter_card":"summary_large_image","twitter_misc":{"Est. reading time":"1 minute"},"schema":{"@context":"https:\/\/schema.org","@graph":[{"@type":"WebPage","@id":"https:\/\/istanbulledprofil.com\/en\/lp-33\/","url":"https:\/\/istanbulledprofil.com\/en\/lp-33\/","name":"LP 33 Neon Led Profil - Al\u00fcminyum Led Profiller - \u0130stanbul Led Profil","isPartOf":{"@id":"https:\/\/istanbulledprofil.com\/#website"},"datePublished":"2025-06-26T17:29:16+00:00","dateModified":"2026-04-17T14:39:58+00:00","breadcrumb":{"@id":"https:\/\/istanbulledprofil.com\/en\/lp-33\/#breadcrumb"},"inLanguage":"en-US","potentialAction":[{"@type":"ReadAction","target":["https:\/\/istanbulledprofil.com\/en\/lp-33\/"]}]},{"@type":"BreadcrumbList","@id":"https:\/\/istanbulledprofil.com\/en\/lp-33\/#breadcrumb","itemListElement":[{"@type":"ListItem","position":1,"name":"Anasayfa","item":"https:\/\/istanbulledprofil.com\/en\/"},{"@type":"ListItem","position":2,"name":"LP 33 Neon Led Profil"}]},{"@type":"WebSite","@id":"https:\/\/istanbulledprofil.com\/#website","url":"https:\/\/istanbulledprofil.com\/","name":"Al\u00fcminyum Led Profiller - \u0130stanbul Led Profil","description":"","potentialAction":[{"@type":"SearchAction","target":{"@type":"EntryPoint","urlTemplate":"https:\/\/istanbulledprofil.com\/?s={search_term_string}"},"query-input":{"@type":"PropertyValueSpecification","valueRequired":true,"valueName":"search_term_string"}}],"inLanguage":"en-US"}]}},"_links":{"self":[{"href":"https:\/\/istanbulledprofil.com\/en\/wp-json\/wp\/v2\/pages\/1226","targetHints":{"allow":["GET"]}}],"collection":[{"href":"https:\/\/istanbulledprofil.com\/en\/wp-json\/wp\/v2\/pages"}],"about":[{"href":"https:\/\/istanbulledprofil.com\/en\/wp-json\/wp\/v2\/types\/page"}],"author":[{"embeddable":true,"href":"https:\/\/istanbulledprofil.com\/en\/wp-json\/wp\/v2\/users\/1"}],"replies":[{"embeddable":true,"href":"https:\/\/istanbulledprofil.com\/en\/wp-json\/wp\/v2\/comments?post=1226"}],"version-history":[{"count":23,"href":"https:\/\/istanbulledprofil.com\/en\/wp-json\/wp\/v2\/pages\/1226\/revisions"}],"predecessor-version":[{"id":1860,"href":"https:\/\/istanbulledprofil.com\/en\/wp-json\/wp\/v2\/pages\/1226\/revisions\/1860"}],"wp:attachment":[{"href":"https:\/\/istanbulledprofil.com\/en\/wp-json\/wp\/v2\/media?parent=1226"}],"curies":[{"name":"wp","href":"https:\/\/api.w.org\/{rel}","templated":true}]}}