	
{"id":1228,"date":"2025-06-26T20:26:56","date_gmt":"2025-06-26T17:26:56","guid":{"rendered":"https:\/\/istanbulledprofil.com\/lp-19\/"},"modified":"2026-03-04T15:13:14","modified_gmt":"2026-03-04T12:13:14","slug":"lp-19","status":"publish","type":"page","link":"https:\/\/istanbulledprofil.com\/en\/lp-19\/","title":{"rendered":"LP 19"},"content":{"rendered":"  <div id=\"page-header-288300910\" class=\"page-header-wrapper\">\n  <div class=\"page-title dark featured-title\">\n\n    \n    <div class=\"page-title-inner container align-center flex-row medium-flex-wrap\" >\n              <div class=\"title-wrapper is-xsmall flex-col text-left medium-text-center\">\n          <h1 class=\"entry-title mb-0\">\n            LP 19          <\/h1>\n        <\/div>\n                    <div class=\"title-content flex-col flex-right text-right medium-text-center\">\n        <div class=\"title-breadcrumbs pb-half pt-half\"><\/div>      <\/div>\n    <\/div>\n\n       <\/div>\n    <\/div>\n  \n\n\t<section class=\"section\" id=\"section_822011303\">\n\t\t<div class=\"section-bg fill\" >\n\t\t\t\t\t\t\t\t\t\n\t\t\t\n\n\t\t<\/div>\n\n\t\t\n\n\t\t<div class=\"section-content relative\">\n\t\t\t\n\t<div id=\"gap-342965650\" class=\"gap-element clearfix\" style=\"display:block; height:auto;\">\n\t\t\n<style>\n#gap-342965650 {\n  padding-top: 30px;\n}\n<\/style>\n\t<\/div>\n\t\n<div class=\"row row-small align-middle\"  id=\"row-1500086282\">\n\n\t<div id=\"col-2031268395\" class=\"col medium-7 small-12 large-7\"  >\n\t\t\t\t<div class=\"col-inner\"  >\n\t\t\t\n\t<div class=\"is-border\"\n\t\tstyle=\"border-color:rgb(209, 209, 209);border-width:2px 2px 2px 2px;\">\n\t<\/div>\n\t\t\t\n\n  \n    <div id=\"gallery-2137930532\" class=\"slider slider-auto-height row-collapse slider-nav-simple\" data-flickity-options='{&quot;imagesLoaded&quot;: true, &quot;dragThreshold&quot; : 5, &quot;cellAlign&quot;: &quot;left&quot;,&quot;wrapAround&quot;: true,&quot;prevNextButtons&quot;: true,&quot;percentPosition&quot;: true,&quot;pageDots&quot;: false, &quot;rightToLeft&quot;: false, &quot;autoPlay&quot; : 3000}'>\n\n  <div class=\"gallery-col col\" >\n          <div class=\"col-inner\">\n            <a class=\"image-lightbox lightbox-gallery\" href=\"https:\/\/istanbulledprofil.com\/wp-content\/uploads\/2025\/09\/LP-19-Kapakli.jpg\" title=\"\">            <div class=\"box has-hover gallery-box box-default\">\n              <div class=\"box-image\" >\n                <img loading=\"lazy\" decoding=\"async\" width=\"1600\" height=\"1200\" src=\"https:\/\/istanbulledprofil.com\/wp-content\/uploads\/2025\/09\/LP-19-Kapakli.jpg\" class=\"attachment-original size-original\" alt=\"\" ids=\"1280,1282,1215\" style=\"default\" lightbox_image_size=\"original\" type=\"slider-full\" slider_nav_style=\"simple\" auto_slide=\"3000\" image_size=\"original\" srcset=\"https:\/\/istanbulledprofil.com\/wp-content\/uploads\/2025\/09\/LP-19-Kapakli.jpg 1600w, https:\/\/istanbulledprofil.com\/wp-content\/uploads\/2025\/09\/LP-19-Kapakli-300x225.jpg 300w, https:\/\/istanbulledprofil.com\/wp-content\/uploads\/2025\/09\/LP-19-Kapakli-1024x768.jpg 1024w, https:\/\/istanbulledprofil.com\/wp-content\/uploads\/2025\/09\/LP-19-Kapakli-768x576.jpg 768w, https:\/\/istanbulledprofil.com\/wp-content\/uploads\/2025\/09\/LP-19-Kapakli-1536x1152.jpg 1536w\" sizes=\"auto, (max-width: 1600px) 100vw, 1600px\" \/>                                                              <\/div>\n              <div class=\"box-text text-left\" >\n                 <p><\/p>\n              <\/div>\n            <\/div>\n            <\/a>          <\/div>\n         <\/div><div class=\"gallery-col col\" >\n          <div class=\"col-inner\">\n            <a class=\"image-lightbox lightbox-gallery\" href=\"https:\/\/istanbulledprofil.com\/wp-content\/uploads\/2025\/09\/LP-19-Kapaksiz.jpg\" title=\"\">            <div class=\"box has-hover gallery-box box-default\">\n              <div class=\"box-image\" >\n                <img loading=\"lazy\" decoding=\"async\" width=\"1600\" height=\"1200\" src=\"https:\/\/istanbulledprofil.com\/wp-content\/uploads\/2025\/09\/LP-19-Kapaksiz.jpg\" class=\"attachment-original size-original\" alt=\"\" ids=\"1280,1282,1215\" style=\"default\" lightbox_image_size=\"original\" type=\"slider-full\" slider_nav_style=\"simple\" auto_slide=\"3000\" image_size=\"original\" srcset=\"https:\/\/istanbulledprofil.com\/wp-content\/uploads\/2025\/09\/LP-19-Kapaksiz.jpg 1600w, https:\/\/istanbulledprofil.com\/wp-content\/uploads\/2025\/09\/LP-19-Kapaksiz-300x225.jpg 300w, https:\/\/istanbulledprofil.com\/wp-content\/uploads\/2025\/09\/LP-19-Kapaksiz-1024x768.jpg 1024w, https:\/\/istanbulledprofil.com\/wp-content\/uploads\/2025\/09\/LP-19-Kapaksiz-768x576.jpg 768w, https:\/\/istanbulledprofil.com\/wp-content\/uploads\/2025\/09\/LP-19-Kapaksiz-1536x1152.jpg 1536w\" sizes=\"auto, (max-width: 1600px) 100vw, 1600px\" \/>                                                              <\/div>\n              <div class=\"box-text text-left\" >\n                 <p><\/p>\n              <\/div>\n            <\/div>\n            <\/a>          <\/div>\n         <\/div><div class=\"gallery-col col\" >\n          <div class=\"col-inner\">\n            <a class=\"image-lightbox lightbox-gallery\" href=\"https:\/\/istanbulledprofil.com\/wp-content\/uploads\/2025\/06\/cizimi.jpg\" title=\"\">            <div class=\"box has-hover gallery-box box-default\">\n              <div class=\"box-image\" >\n                <img loading=\"lazy\" decoding=\"async\" width=\"1600\" height=\"1200\" src=\"https:\/\/istanbulledprofil.com\/wp-content\/uploads\/2025\/06\/cizimi.jpg\" class=\"attachment-original size-original\" alt=\"\" ids=\"1280,1282,1215\" style=\"default\" lightbox_image_size=\"original\" type=\"slider-full\" slider_nav_style=\"simple\" auto_slide=\"3000\" image_size=\"original\" srcset=\"https:\/\/istanbulledprofil.com\/wp-content\/uploads\/2025\/06\/cizimi.jpg 1600w, https:\/\/istanbulledprofil.com\/wp-content\/uploads\/2025\/06\/cizimi-300x225.jpg 300w, https:\/\/istanbulledprofil.com\/wp-content\/uploads\/2025\/06\/cizimi-1024x768.jpg 1024w, https:\/\/istanbulledprofil.com\/wp-content\/uploads\/2025\/06\/cizimi-768x576.jpg 768w, https:\/\/istanbulledprofil.com\/wp-content\/uploads\/2025\/06\/cizimi-1536x1152.jpg 1536w\" sizes=\"auto, (max-width: 1600px) 100vw, 1600px\" \/>                                                              <\/div>\n              <div class=\"box-text text-left\" >\n                 <p><\/p>\n              <\/div>\n            <\/div>\n            <\/a>          <\/div>\n         <\/div><\/div>\n\t\t<\/div>\n\t\t\t\t\n<style>\n#col-2031268395 > .col-inner {\n  padding: 5px 5px 5px 5px;\n}\n<\/style>\n\t<\/div>\n\n\t\n\n\t<div id=\"col-1868857831\" class=\"col medium-5 small-12 large-5\"  >\n\t\t\t\t<div class=\"col-inner\"  >\n\t\t\t\n\t\t\t\n<div class=\"container section-title-container\" ><h4 class=\"section-title section-title-normal\"><b aria-hidden=\"true\"><\/b><span class=\"section-title-main\" >\u00d6zellikler<\/span><b aria-hidden=\"true\"><\/b><\/h4><\/div>\n<table class=\"table table-bordered\">\n<tbody>\n<tr>\n<td>Y\u00dcZEY<\/td>\n<td>:\u00a0 Eloksal al\u00fcminyum + Mat Siyah 9005 Boyal\u0131<\/td>\n<\/tr>\n<tr>\n<td>UZUNLUK<\/td>\n<td>:\u00a0 6 Metre<\/td>\n<\/tr>\n<tr>\n<td>Y\u00dcKSEKL\u0130K<\/td>\n<td>:\u00a0 8 mm<\/td>\n<\/tr>\n<tr>\n<td>GEN\u0130\u015eL\u0130K<\/td>\n<td>\u00a0:\u00a0 16.7 mm<\/td>\n<\/tr>\n<tr>\n<td>YAN KAPAK<\/td>\n<td>:\u00a0 Plastik Ge\u00e7meli<\/td>\n<\/tr>\n<tr>\n<td>KULLANIM ALANLI\u00a0<\/td>\n<td>: \u0130\u00e7 Mekan\u00a0 Mobilya Stand Ayd\u0131nlatma<\/td>\n<\/tr>\n<tr>\n<td>MONTAJ \u015eEKL\u0130<\/td>\n<td>:\u00a0 S\u0131va \u00dcst\u00fc<\/td>\n<\/tr>\n<\/tbody>\n<\/table>\n\t\t<\/div>\n\t\t\t\t\n<style>\n#col-1868857831 > .col-inner {\n  padding: 0px 0px 0px 25px;\n}\n<\/style>\n\t<\/div>\n\n\t\n<\/div>\n<div class=\"row row-small\"  id=\"row-798815766\">\n\n\t<div id=\"col-144339472\" class=\"col medium-4 small-12 large-4\"  >\n\t\t\t\t<div class=\"col-inner\"  >\n\t\t\t\n\t<div class=\"is-border\"\n\t\tstyle=\"border-color:rgb(212, 212, 212);border-width:2px 2px 2px 2px;\">\n\t<\/div>\n\t\t\t\n\t<div class=\"img has-hover x md-x lg-x y md-y lg-y\" id=\"image_1407348899\">\n\t\t<a class=\"image-lightbox lightbox-gallery\" title=\"\" href=\"https:\/\/istanbulledprofil.com\/wp-content\/uploads\/2025\/06\/cizimi.jpg\">\t\t\t\t\t\t<div class=\"img-inner dark\" >\n\t\t\t<img loading=\"lazy\" decoding=\"async\" width=\"1600\" height=\"1200\" src=\"https:\/\/istanbulledprofil.com\/wp-content\/uploads\/2025\/06\/cizimi.jpg\" class=\"attachment-original size-original\" alt=\"\" srcset=\"https:\/\/istanbulledprofil.com\/wp-content\/uploads\/2025\/06\/cizimi.jpg 1600w, https:\/\/istanbulledprofil.com\/wp-content\/uploads\/2025\/06\/cizimi-300x225.jpg 300w, https:\/\/istanbulledprofil.com\/wp-content\/uploads\/2025\/06\/cizimi-1024x768.jpg 1024w, https:\/\/istanbulledprofil.com\/wp-content\/uploads\/2025\/06\/cizimi-768x576.jpg 768w, https:\/\/istanbulledprofil.com\/wp-content\/uploads\/2025\/06\/cizimi-1536x1152.jpg 1536w\" sizes=\"auto, (max-width: 1600px) 100vw, 1600px\" \/>\t\t\t\t\t\t\n\t\t\t\t\t<\/div>\n\t\t\t\t\t\t<\/a>\t\t\n<style>\n#image_1407348899 {\n  width: 100%;\n}\n<\/style>\n\t<\/div>\n\t\n\t<div id=\"text-477463599\" class=\"text\">\n\t\t\n<h4>PROF\u0130L \u00d6L\u00c7\u00dcS\u00dc<\/h4>\n\t\t\n<style>\n#text-477463599 {\n  text-align: center;\n}\n<\/style>\n\t<\/div>\n\t\n\t\t<\/div>\n\t\t\t\t\n<style>\n#col-144339472 > .col-inner {\n  padding: 10px 10px 20px 10px;\n}\n<\/style>\n\t<\/div>\n\n\t\n\n\t<div id=\"col-288006070\" class=\"col medium-4 small-12 large-4\"  >\n\t\t\t\t<div class=\"col-inner\"  >\n\t\t\t\n\t<div class=\"is-border\"\n\t\tstyle=\"border-color:rgb(212, 212, 212);border-width:2px 2px 2px 2px;\">\n\t<\/div>\n\t\t\t\n\t<div class=\"img has-hover x md-x lg-x y md-y lg-y\" id=\"image_1240931537\">\n\t\t<a class=\"image-lightbox lightbox-gallery\" title=\"\" href=\"https:\/\/istanbulledprofil.com\/wp-content\/uploads\/2025\/01\/LP7-Montaj-Klipsi.jpg\">\t\t\t\t\t\t<div class=\"img-inner dark\" >\n\t\t\t<img loading=\"lazy\" decoding=\"async\" width=\"1600\" height=\"1200\" src=\"https:\/\/istanbulledprofil.com\/wp-content\/uploads\/2025\/01\/LP7-Montaj-Klipsi.jpg\" class=\"attachment-original size-original\" alt=\"\" srcset=\"https:\/\/istanbulledprofil.com\/wp-content\/uploads\/2025\/01\/LP7-Montaj-Klipsi.jpg 1600w, https:\/\/istanbulledprofil.com\/wp-content\/uploads\/2025\/01\/LP7-Montaj-Klipsi-300x225.jpg 300w, https:\/\/istanbulledprofil.com\/wp-content\/uploads\/2025\/01\/LP7-Montaj-Klipsi-1024x768.jpg 1024w, https:\/\/istanbulledprofil.com\/wp-content\/uploads\/2025\/01\/LP7-Montaj-Klipsi-768x576.jpg 768w, https:\/\/istanbulledprofil.com\/wp-content\/uploads\/2025\/01\/LP7-Montaj-Klipsi-1536x1152.jpg 1536w\" sizes=\"auto, (max-width: 1600px) 100vw, 1600px\" \/>\t\t\t\t\t\t\n\t\t\t\t\t<\/div>\n\t\t\t\t\t\t<\/a>\t\t\n<style>\n#image_1240931537 {\n  width: 100%;\n}\n<\/style>\n\t<\/div>\n\t\n\t<div id=\"text-2940464882\" class=\"text\">\n\t\t\n<h4>MONTAJ APARATI<\/h4>\n\t\t\n<style>\n#text-2940464882 {\n  text-align: center;\n}\n<\/style>\n\t<\/div>\n\t\n\t\t<\/div>\n\t\t\t\t\n<style>\n#col-288006070 > .col-inner {\n  padding: 10px 10px 20px 10px;\n}\n<\/style>\n\t<\/div>\n\n\t\n\n\t<div id=\"col-460245285\" class=\"col medium-4 small-12 large-4\"  >\n\t\t\t\t<div class=\"col-inner\"  >\n\t\t\t\n\t<div class=\"is-border\"\n\t\tstyle=\"border-color:rgb(212, 212, 212);border-width:2px 2px 2px 2px;\">\n\t<\/div>\n\t\t\t\n\t<div class=\"img has-hover x md-x lg-x y md-y lg-y\" id=\"image_634784374\">\n\t\t<a class=\"image-lightbox lightbox-gallery\" title=\"\" href=\"https:\/\/istanbulledprofil.com\/wp-content\/uploads\/2025\/01\/lp9-kapak-1.jpg\">\t\t\t\t\t\t<div class=\"img-inner dark\" >\n\t\t\t<img loading=\"lazy\" decoding=\"async\" width=\"1600\" height=\"1200\" src=\"https:\/\/istanbulledprofil.com\/wp-content\/uploads\/2025\/01\/lp9-kapak-1.jpg\" class=\"attachment-original size-original\" alt=\"\" srcset=\"https:\/\/istanbulledprofil.com\/wp-content\/uploads\/2025\/01\/lp9-kapak-1.jpg 1600w, https:\/\/istanbulledprofil.com\/wp-content\/uploads\/2025\/01\/lp9-kapak-1-300x225.jpg 300w, https:\/\/istanbulledprofil.com\/wp-content\/uploads\/2025\/01\/lp9-kapak-1-1024x768.jpg 1024w, https:\/\/istanbulledprofil.com\/wp-content\/uploads\/2025\/01\/lp9-kapak-1-768x576.jpg 768w, https:\/\/istanbulledprofil.com\/wp-content\/uploads\/2025\/01\/lp9-kapak-1-1536x1152.jpg 1536w\" sizes=\"auto, (max-width: 1600px) 100vw, 1600px\" \/>\t\t\t\t\t\t\n\t\t\t\t\t<\/div>\n\t\t\t\t\t\t<\/a>\t\t\n<style>\n#image_634784374 {\n  width: 100%;\n}\n<\/style>\n\t<\/div>\n\t\n\t<div id=\"text-2690990242\" class=\"text\">\n\t\t\n<h4>SONLAMA KAPA\u011eI<\/h4>\n\t\t\n<style>\n#text-2690990242 {\n  text-align: center;\n}\n<\/style>\n\t<\/div>\n\t\n\t\t<\/div>\n\t\t\t\t\n<style>\n#col-460245285 > .col-inner {\n  padding: 10px 10px 20px 10px;\n}\n<\/style>\n\t<\/div>\n\n\t\n<\/div>\n\t\t<\/div>\n\n\t\t\n<style>\n#section_822011303 {\n  padding-top: 30px;\n  padding-bottom: 30px;\n}\n<\/style>\n\t<\/section>\n\t\n","protected":false},"excerpt":{"rendered":"","protected":false},"author":1,"featured_media":0,"parent":0,"menu_order":0,"comment_status":"closed","ping_status":"closed","template":"page-blank.php","meta":{"footnotes":""},"class_list":["post-1228","page","type-page","status-publish","hentry"],"yoast_head":"<!-- This site is optimized with the Yoast SEO plugin v27.5 - https:\/\/yoast.com\/product\/yoast-seo-wordpress\/ -->\n<title>LP 19 - Al\u00fcminyum Led Profiller - \u0130stanbul Led Profil<\/title>\n<meta name=\"robots\" content=\"index, follow, max-snippet:-1, max-image-preview:large, max-video-preview:-1\" \/>\n<link rel=\"canonical\" href=\"https:\/\/istanbulledprofil.com\/lp-19\/\" \/>\n<meta property=\"og:locale\" content=\"en_US\" \/>\n<meta property=\"og:type\" content=\"article\" \/>\n<meta property=\"og:title\" content=\"LP 19 - Al\u00fcminyum Led Profiller - \u0130stanbul Led Profil\" \/>\n<meta property=\"og:url\" content=\"https:\/\/istanbulledprofil.com\/lp-19\/\" \/>\n<meta property=\"og:site_name\" content=\"Al\u00fcminyum Led Profiller - \u0130stanbul Led Profil\" \/>\n<meta property=\"article:modified_time\" content=\"2026-03-04T12:13:14+00:00\" \/>\n<meta name=\"twitter:card\" content=\"summary_large_image\" \/>\n<script type=\"application\/ld+json\" class=\"yoast-schema-graph\">{\"@context\":\"https:\\\/\\\/schema.org\",\"@graph\":[{\"@type\":\"WebPage\",\"@id\":\"https:\\\/\\\/istanbulledprofil.com\\\/lp-19\\\/\",\"url\":\"https:\\\/\\\/istanbulledprofil.com\\\/lp-19\\\/\",\"name\":\"LP 19 - Al\u00fcminyum Led Profiller - \u0130stanbul Led Profil\",\"isPartOf\":{\"@id\":\"https:\\\/\\\/istanbulledprofil.com\\\/#website\"},\"datePublished\":\"2025-06-26T17:26:56+00:00\",\"dateModified\":\"2026-03-04T12:13:14+00:00\",\"breadcrumb\":{\"@id\":\"https:\\\/\\\/istanbulledprofil.com\\\/lp-19\\\/#breadcrumb\"},\"inLanguage\":\"en-US\",\"potentialAction\":[{\"@type\":\"ReadAction\",\"target\":[\"https:\\\/\\\/istanbulledprofil.com\\\/lp-19\\\/\"]}]},{\"@type\":\"BreadcrumbList\",\"@id\":\"https:\\\/\\\/istanbulledprofil.com\\\/lp-19\\\/#breadcrumb\",\"itemListElement\":[{\"@type\":\"ListItem\",\"position\":1,\"name\":\"Anasayfa\",\"item\":\"https:\\\/\\\/istanbulledprofil.com\\\/en\\\/\"},{\"@type\":\"ListItem\",\"position\":2,\"name\":\"LP 19\"}]},{\"@type\":\"WebSite\",\"@id\":\"https:\\\/\\\/istanbulledprofil.com\\\/#website\",\"url\":\"https:\\\/\\\/istanbulledprofil.com\\\/\",\"name\":\"Al\u00fcminyum Led Profiller - \u0130stanbul Led Profil\",\"description\":\"\",\"potentialAction\":[{\"@type\":\"SearchAction\",\"target\":{\"@type\":\"EntryPoint\",\"urlTemplate\":\"https:\\\/\\\/istanbulledprofil.com\\\/?s={search_term_string}\"},\"query-input\":{\"@type\":\"PropertyValueSpecification\",\"valueRequired\":true,\"valueName\":\"search_term_string\"}}],\"inLanguage\":\"en-US\"}]}<\/script>\n<!-- \/ Yoast SEO plugin. -->","yoast_head_json":{"title":"LP 19 - Al\u00fcminyum Led Profiller - \u0130stanbul Led Profil","robots":{"index":"index","follow":"follow","max-snippet":"max-snippet:-1","max-image-preview":"max-image-preview:large","max-video-preview":"max-video-preview:-1"},"canonical":"https:\/\/istanbulledprofil.com\/lp-19\/","og_locale":"en_US","og_type":"article","og_title":"LP 19 - Al\u00fcminyum Led Profiller - \u0130stanbul Led Profil","og_url":"https:\/\/istanbulledprofil.com\/lp-19\/","og_site_name":"Al\u00fcminyum Led Profiller - \u0130stanbul Led Profil","article_modified_time":"2026-03-04T12:13:14+00:00","twitter_card":"summary_large_image","schema":{"@context":"https:\/\/schema.org","@graph":[{"@type":"WebPage","@id":"https:\/\/istanbulledprofil.com\/lp-19\/","url":"https:\/\/istanbulledprofil.com\/lp-19\/","name":"LP 19 - Al\u00fcminyum Led Profiller - \u0130stanbul Led Profil","isPartOf":{"@id":"https:\/\/istanbulledprofil.com\/#website"},"datePublished":"2025-06-26T17:26:56+00:00","dateModified":"2026-03-04T12:13:14+00:00","breadcrumb":{"@id":"https:\/\/istanbulledprofil.com\/lp-19\/#breadcrumb"},"inLanguage":"en-US","potentialAction":[{"@type":"ReadAction","target":["https:\/\/istanbulledprofil.com\/lp-19\/"]}]},{"@type":"BreadcrumbList","@id":"https:\/\/istanbulledprofil.com\/lp-19\/#breadcrumb","itemListElement":[{"@type":"ListItem","position":1,"name":"Anasayfa","item":"https:\/\/istanbulledprofil.com\/en\/"},{"@type":"ListItem","position":2,"name":"LP 19"}]},{"@type":"WebSite","@id":"https:\/\/istanbulledprofil.com\/#website","url":"https:\/\/istanbulledprofil.com\/","name":"Al\u00fcminyum Led Profiller - \u0130stanbul Led Profil","description":"","potentialAction":[{"@type":"SearchAction","target":{"@type":"EntryPoint","urlTemplate":"https:\/\/istanbulledprofil.com\/?s={search_term_string}"},"query-input":{"@type":"PropertyValueSpecification","valueRequired":true,"valueName":"search_term_string"}}],"inLanguage":"en-US"}]}},"_links":{"self":[{"href":"https:\/\/istanbulledprofil.com\/en\/wp-json\/wp\/v2\/pages\/1228","targetHints":{"allow":["GET"]}}],"collection":[{"href":"https:\/\/istanbulledprofil.com\/en\/wp-json\/wp\/v2\/pages"}],"about":[{"href":"https:\/\/istanbulledprofil.com\/en\/wp-json\/wp\/v2\/types\/page"}],"author":[{"embeddable":true,"href":"https:\/\/istanbulledprofil.com\/en\/wp-json\/wp\/v2\/users\/1"}],"replies":[{"embeddable":true,"href":"https:\/\/istanbulledprofil.com\/en\/wp-json\/wp\/v2\/comments?post=1228"}],"version-history":[{"count":10,"href":"https:\/\/istanbulledprofil.com\/en\/wp-json\/wp\/v2\/pages\/1228\/revisions"}],"predecessor-version":[{"id":1783,"href":"https:\/\/istanbulledprofil.com\/en\/wp-json\/wp\/v2\/pages\/1228\/revisions\/1783"}],"wp:attachment":[{"href":"https:\/\/istanbulledprofil.com\/en\/wp-json\/wp\/v2\/media?parent=1228"}],"curies":[{"name":"wp","href":"https:\/\/api.w.org\/{rel}","templated":true}]}}