	
{"id":945,"date":"2025-01-13T13:19:43","date_gmt":"2025-01-13T10:19:43","guid":{"rendered":"https:\/\/istanbulledprofil.com\/medya\/"},"modified":"2025-03-31T23:03:33","modified_gmt":"2025-03-31T20:03:33","slug":"media","status":"publish","type":"page","link":"https:\/\/istanbulledprofil.com\/en\/media\/","title":{"rendered":"MEDIA"},"content":{"rendered":"  <div id=\"page-header-1853723806\" class=\"page-header-wrapper\">\n  <div class=\"page-title dark featured-title\">\n\n    \n    <div class=\"page-title-inner container align-center flex-row medium-flex-wrap\" >\n              <div class=\"title-wrapper is-xsmall flex-col text-left medium-text-center\">\n          <h1 class=\"entry-title mb-0\">\n            MEDIA          <\/h1>\n        <\/div>\n                    <div class=\"title-content flex-col flex-right text-right medium-text-center\">\n        <div class=\"title-breadcrumbs pb-half pt-half\"><\/div>      <\/div>\n    <\/div>\n\n       <\/div>\n    <\/div>\n  \n\n\t<section class=\"section\" id=\"section_527465718\">\n\t\t<div class=\"section-bg fill\" >\n\t\t\t\t\t\t\t\t\t\n\t\t\t\n\n\t\t<\/div>\n\n\t\t\n\n\t\t<div class=\"section-content relative\">\n\t\t\t\n<div class=\"row row-small\"  id=\"row-144963633\">\n\n\t<div id=\"col-570304166\" class=\"col medium-4 small-12 large-4\"  >\n\t\t\t\t<div class=\"col-inner\"  >\n\t\t\t\n\t\t\t\n<div class=\"video video-fit mb\" style=\"padding-top:56.25%;\"><p><iframe loading=\"lazy\" title=\"Trimles Led Profil Montaj Kurulum - \u0130stanbul Led Profil #ledprofil #montaj #istanbul\" width=\"1020\" height=\"574\" src=\"https:\/\/www.youtube.com\/embed\/72b0Pl5DWho?feature=oembed\" frameborder=\"0\" allow=\"accelerometer; autoplay; clipboard-write; encrypted-media; gyroscope; picture-in-picture; web-share\" referrerpolicy=\"strict-origin-when-cross-origin\" allowfullscreen><\/iframe><\/p>\n<\/div>\n\t\t<\/div>\n\t\t\t\t\t<\/div>\n\n\t\n\n\t<div id=\"col-2095777479\" class=\"col medium-4 small-12 large-4\"  >\n\t\t\t\t<div class=\"col-inner\"  >\n\t\t\t\n\t\t\t\n<div class=\"video video-fit mb\" style=\"padding-top:56.25%;\"><p><iframe loading=\"lazy\" title=\"FUGA LED PROF\u0130L MONTAJI - \u0130STANBUL LED PROF\u0130L #ledprofile #ledprofil #shorts\" width=\"1020\" height=\"574\" src=\"https:\/\/www.youtube.com\/embed\/XVEoTFFhxaw?feature=oembed\" frameborder=\"0\" allow=\"accelerometer; autoplay; clipboard-write; encrypted-media; gyroscope; picture-in-picture; web-share\" referrerpolicy=\"strict-origin-when-cross-origin\" allowfullscreen><\/iframe><\/p>\n<\/div>\n\t\t<\/div>\n\t\t\t\t\t<\/div>\n\n\t\n\n\t<div id=\"col-389225296\" class=\"col medium-4 small-12 large-4\"  >\n\t\t\t\t<div class=\"col-inner\"  >\n\t\t\t\n\t\t\t\n<div class=\"video video-fit mb\" style=\"padding-top:56.25%;\"><p><iframe loading=\"lazy\" title=\"Al\u00fcminyum LED Kanal ve Profil Sistemleri #istanbulledprofil #ledprofil\" width=\"1020\" height=\"574\" src=\"https:\/\/www.youtube.com\/embed\/CjoT6f3xGoU?feature=oembed\" frameborder=\"0\" allow=\"accelerometer; autoplay; clipboard-write; encrypted-media; gyroscope; picture-in-picture; web-share\" referrerpolicy=\"strict-origin-when-cross-origin\" allowfullscreen><\/iframe><\/p>\n<\/div>\n\t\t<\/div>\n\t\t\t\t\t<\/div>\n\n\t\n<\/div>\n<div class=\"row row-small\"  id=\"row-1811086950\">\n\n\t<div id=\"col-1468907405\" class=\"col medium-4 small-12 large-4\"  >\n\t\t\t\t<div class=\"col-inner\"  >\n\t\t\t\n\t\t\t\n<div class=\"video video-fit mb\" style=\"padding-top:56.25%;\"><p><iframe loading=\"lazy\" title=\"L\u0130NEAR LED PROF\u0130L - \u0130STANBUL LED PROF\u0130L\" width=\"1020\" height=\"574\" src=\"https:\/\/www.youtube.com\/embed\/6F1b0DSipiU?feature=oembed\" frameborder=\"0\" allow=\"accelerometer; autoplay; clipboard-write; encrypted-media; gyroscope; picture-in-picture; web-share\" referrerpolicy=\"strict-origin-when-cross-origin\" allowfullscreen><\/iframe><\/p>\n<\/div>\n\t\t<\/div>\n\t\t\t\t\t<\/div>\n\n\t\n\n\t<div id=\"col-943580412\" class=\"col medium-4 small-12 large-4\"  >\n\t\t\t\t<div class=\"col-inner\"  >\n\t\t\t\n\t\t\t\n<div class=\"video video-fit mb\" style=\"padding-top:56.25%;\"><p><iframe loading=\"lazy\" title=\"\u015eerit Led Al\u00fcminyum Kanal Profil \u2010 istanbulledprofil.com #shorts #ledprofil\" width=\"1020\" height=\"574\" src=\"https:\/\/www.youtube.com\/embed\/QRrg8O-2PvE?feature=oembed\" frameborder=\"0\" allow=\"accelerometer; autoplay; clipboard-write; encrypted-media; gyroscope; picture-in-picture; web-share\" referrerpolicy=\"strict-origin-when-cross-origin\" allowfullscreen><\/iframe><\/p>\n<\/div>\n\t\t<\/div>\n\t\t\t\t\t<\/div>\n\n\t\n\n\t<div id=\"col-302911080\" class=\"col medium-4 small-12 large-4\"  >\n\t\t\t\t<div class=\"col-inner\"  >\n\t\t\t\n\t\t\t\n<div class=\"video video-fit mb\" style=\"padding-top:56.25%;\"><p><iframe loading=\"lazy\" title=\"Linear Led Profiller - \u0130stanbul Led Profil #ledprofil #shorts\" width=\"1020\" height=\"574\" src=\"https:\/\/www.youtube.com\/embed\/439jiW0Z9Ag?feature=oembed\" frameborder=\"0\" allow=\"accelerometer; autoplay; clipboard-write; encrypted-media; gyroscope; picture-in-picture; web-share\" referrerpolicy=\"strict-origin-when-cross-origin\" allowfullscreen><\/iframe><\/p>\n<\/div>\n\t\t<\/div>\n\t\t\t\t\t<\/div>\n\n\t\n<\/div>\n\t\t<\/div>\n\n\t\t\n<style>\n#section_527465718 {\n  padding-top: 30px;\n  padding-bottom: 30px;\n}\n<\/style>\n\t<\/section>\n\t\n","protected":false},"excerpt":{"rendered":"","protected":false},"author":1,"featured_media":0,"parent":0,"menu_order":0,"comment_status":"closed","ping_status":"closed","template":"page-blank.php","meta":{"footnotes":""},"class_list":["post-945","page","type-page","status-publish","hentry"],"yoast_head":"<!-- This site is optimized with the Yoast SEO plugin v27.5 - https:\/\/yoast.com\/product\/yoast-seo-wordpress\/ -->\n<title>MEDIA - Al\u00fcminyum Led Profiller - \u0130stanbul Led Profil<\/title>\n<meta name=\"robots\" content=\"index, follow, max-snippet:-1, max-image-preview:large, max-video-preview:-1\" \/>\n<link rel=\"canonical\" href=\"https:\/\/istanbulledprofil.com\/en\/media\/\" \/>\n<meta property=\"og:locale\" content=\"en_US\" \/>\n<meta property=\"og:type\" content=\"article\" \/>\n<meta property=\"og:title\" content=\"MEDIA - Al\u00fcminyum Led Profiller - \u0130stanbul Led Profil\" \/>\n<meta property=\"og:url\" content=\"https:\/\/istanbulledprofil.com\/en\/media\/\" \/>\n<meta property=\"og:site_name\" content=\"Al\u00fcminyum Led Profiller - \u0130stanbul Led Profil\" \/>\n<meta property=\"article:modified_time\" content=\"2025-03-31T20:03:33+00:00\" \/>\n<meta name=\"twitter:card\" content=\"summary_large_image\" \/>\n<meta name=\"twitter:label1\" content=\"Est. reading time\" \/>\n\t<meta name=\"twitter:data1\" content=\"1 minute\" \/>\n<script type=\"application\/ld+json\" class=\"yoast-schema-graph\">{\"@context\":\"https:\\\/\\\/schema.org\",\"@graph\":[{\"@type\":\"WebPage\",\"@id\":\"https:\\\/\\\/istanbulledprofil.com\\\/en\\\/media\\\/\",\"url\":\"https:\\\/\\\/istanbulledprofil.com\\\/en\\\/media\\\/\",\"name\":\"MEDIA - Al\u00fcminyum Led Profiller - \u0130stanbul Led Profil\",\"isPartOf\":{\"@id\":\"https:\\\/\\\/istanbulledprofil.com\\\/#website\"},\"datePublished\":\"2025-01-13T10:19:43+00:00\",\"dateModified\":\"2025-03-31T20:03:33+00:00\",\"breadcrumb\":{\"@id\":\"https:\\\/\\\/istanbulledprofil.com\\\/en\\\/media\\\/#breadcrumb\"},\"inLanguage\":\"en-US\",\"potentialAction\":[{\"@type\":\"ReadAction\",\"target\":[\"https:\\\/\\\/istanbulledprofil.com\\\/en\\\/media\\\/\"]}]},{\"@type\":\"BreadcrumbList\",\"@id\":\"https:\\\/\\\/istanbulledprofil.com\\\/en\\\/media\\\/#breadcrumb\",\"itemListElement\":[{\"@type\":\"ListItem\",\"position\":1,\"name\":\"Anasayfa\",\"item\":\"https:\\\/\\\/istanbulledprofil.com\\\/en\\\/\"},{\"@type\":\"ListItem\",\"position\":2,\"name\":\"MEDIA\"}]},{\"@type\":\"WebSite\",\"@id\":\"https:\\\/\\\/istanbulledprofil.com\\\/#website\",\"url\":\"https:\\\/\\\/istanbulledprofil.com\\\/\",\"name\":\"Al\u00fcminyum Led Profiller - \u0130stanbul Led Profil\",\"description\":\"\",\"potentialAction\":[{\"@type\":\"SearchAction\",\"target\":{\"@type\":\"EntryPoint\",\"urlTemplate\":\"https:\\\/\\\/istanbulledprofil.com\\\/?s={search_term_string}\"},\"query-input\":{\"@type\":\"PropertyValueSpecification\",\"valueRequired\":true,\"valueName\":\"search_term_string\"}}],\"inLanguage\":\"en-US\"}]}<\/script>\n<!-- \/ Yoast SEO plugin. -->","yoast_head_json":{"title":"MEDIA - Al\u00fcminyum Led Profiller - \u0130stanbul Led Profil","robots":{"index":"index","follow":"follow","max-snippet":"max-snippet:-1","max-image-preview":"max-image-preview:large","max-video-preview":"max-video-preview:-1"},"canonical":"https:\/\/istanbulledprofil.com\/en\/media\/","og_locale":"en_US","og_type":"article","og_title":"MEDIA - Al\u00fcminyum Led Profiller - \u0130stanbul Led Profil","og_url":"https:\/\/istanbulledprofil.com\/en\/media\/","og_site_name":"Al\u00fcminyum Led Profiller - \u0130stanbul Led Profil","article_modified_time":"2025-03-31T20:03:33+00:00","twitter_card":"summary_large_image","twitter_misc":{"Est. reading time":"1 minute"},"schema":{"@context":"https:\/\/schema.org","@graph":[{"@type":"WebPage","@id":"https:\/\/istanbulledprofil.com\/en\/media\/","url":"https:\/\/istanbulledprofil.com\/en\/media\/","name":"MEDIA - Al\u00fcminyum Led Profiller - \u0130stanbul Led Profil","isPartOf":{"@id":"https:\/\/istanbulledprofil.com\/#website"},"datePublished":"2025-01-13T10:19:43+00:00","dateModified":"2025-03-31T20:03:33+00:00","breadcrumb":{"@id":"https:\/\/istanbulledprofil.com\/en\/media\/#breadcrumb"},"inLanguage":"en-US","potentialAction":[{"@type":"ReadAction","target":["https:\/\/istanbulledprofil.com\/en\/media\/"]}]},{"@type":"BreadcrumbList","@id":"https:\/\/istanbulledprofil.com\/en\/media\/#breadcrumb","itemListElement":[{"@type":"ListItem","position":1,"name":"Anasayfa","item":"https:\/\/istanbulledprofil.com\/en\/"},{"@type":"ListItem","position":2,"name":"MEDIA"}]},{"@type":"WebSite","@id":"https:\/\/istanbulledprofil.com\/#website","url":"https:\/\/istanbulledprofil.com\/","name":"Al\u00fcminyum Led Profiller - \u0130stanbul Led Profil","description":"","potentialAction":[{"@type":"SearchAction","target":{"@type":"EntryPoint","urlTemplate":"https:\/\/istanbulledprofil.com\/?s={search_term_string}"},"query-input":{"@type":"PropertyValueSpecification","valueRequired":true,"valueName":"search_term_string"}}],"inLanguage":"en-US"}]}},"_links":{"self":[{"href":"https:\/\/istanbulledprofil.com\/en\/wp-json\/wp\/v2\/pages\/945","targetHints":{"allow":["GET"]}}],"collection":[{"href":"https:\/\/istanbulledprofil.com\/en\/wp-json\/wp\/v2\/pages"}],"about":[{"href":"https:\/\/istanbulledprofil.com\/en\/wp-json\/wp\/v2\/types\/page"}],"author":[{"embeddable":true,"href":"https:\/\/istanbulledprofil.com\/en\/wp-json\/wp\/v2\/users\/1"}],"replies":[{"embeddable":true,"href":"https:\/\/istanbulledprofil.com\/en\/wp-json\/wp\/v2\/comments?post=945"}],"version-history":[{"count":1,"href":"https:\/\/istanbulledprofil.com\/en\/wp-json\/wp\/v2\/pages\/945\/revisions"}],"predecessor-version":[{"id":946,"href":"https:\/\/istanbulledprofil.com\/en\/wp-json\/wp\/v2\/pages\/945\/revisions\/946"}],"wp:attachment":[{"href":"https:\/\/istanbulledprofil.com\/en\/wp-json\/wp\/v2\/media?parent=945"}],"curies":[{"name":"wp","href":"https:\/\/api.w.org\/{rel}","templated":true}]}}